{"id":62,"date":"2022-12-05T17:51:56","date_gmt":"2022-12-05T16:51:56","guid":{"rendered":"http:\/\/tribann.fr\/tribann\/?page_id=62"},"modified":"2024-11-27T20:20:16","modified_gmt":"2024-11-27T19:20:16","slug":"histoire-du-college","status":"publish","type":"page","link":"https:\/\/tribann.fr\/index.php\/histoire-du-college\/","title":{"rendered":"Histoire du Coll\u00e8ge"},"content":{"rendered":"\n<h1 class=\"wp-block-heading\"><\/h1>\n\n\n\n<p>Le coll\u00e8ge Druidique R\u00e9nov\u00e9 a \u00e9t\u00e9 cr\u00e9\u00e9 le 23 septembre 1983 par G\u00e9rard Moreau de Waldan (Druide Lugaid Reo Nderc\u2019h).<\/p>\n\n\n\n<p>C\u2019est une structure ind\u00e9pendante affili\u00e9 \u00e0 l\u2019Ordre des Druides (anciennement Grand Coll\u00e8ge Celtique).<\/p>\n\n\n\n<p id=\"u54994-7\">Le Grand Coll\u00e8ge Celtique<\/p>\n\n\n\n<p id=\"u54994-9\">Trois druides issus de la Gorsedd de Bretagne, Bernard Duval (druide Goff ar Steredennou), Michel Raoult (druide An Habask) et Jean Thos (druide Yan Sukellos) fondent Le Grand Coll\u00e8ge Celtique de la For\u00eat des Ch\u00eanes de Broc\u00e9liande \u00e0 la Fontaine de Barenton en Broc\u00e9liande le 15 ao\u00fbt 1950.<\/p>\n\n\n\n<ul id=\"u54994-20\" class=\"wp-block-list\">\n<li>G\u00e9rard Moreau de Waldan (Lugaid Reo Nderc\u2019h) a \u00e9t\u00e9 initi\u00e9 dans le groupe de Jean Thos (Druide Sukellos).<\/li>\n\n\n\n<li>Alain Gazet (Druide Habann) a \u00e9t\u00e9 initi\u00e9 par G\u00e9rard Moreau de Waldan (Druide Lugaid Reo Nderc\u2019h) en 1993<\/li>\n\n\n\n<li>Apr\u00e8s la d\u00e9sincarnation du Druide Lugaid Reo Nderc\u2019h en 1995, Habann \u00e0 repris la responsabilit\u00e9 du Coll\u00e8ge Druidique R\u00e9nov\u00e9.<\/li>\n\n\n\n<li>Nous avons gard\u00e9 un lien fraternel (partage de rituels) avec <em>Christian Boulay<\/em> (Dwrdan) et <em>Kleze Dir<\/em> et avec \u00e9galement les membres de L&rsquo; O.D. (<em>Lo Skiant<\/em>, <em>Kadith<\/em> etc.)<\/li>\n\n\n\n<li>Habann est en relation avec l\u2019Ordre des Druides, tout en maintenant vivant et ind\u00e9pendant le coll\u00e8ge Druidique.(personnellement en reflexion sur le bien fond\u00e9 de cette d\u00e9marche)<\/li>\n\n\n\n<li>Nous sommes signataire de la Charte des Druides (signature le 23 novembre 2024) <a href=\"https:\/\/chartedruides.eu\">https:\/\/chartedruides.eu<\/a><\/li>\n<\/ul>\n\n\n\n<p id=\"u54994-21\">&nbsp;<\/p>\n\n\n\n<p id=\"u54994-25\">A propos de l\u2019ordre des Druides (O.D.) notre Coll\u00e8ge ne peut adh\u00e9rer aux id\u00e9es, et aux actes de celui (Lo Skiant,) qui avait repris le flambeau et qui malheureusement a beaucoup plus \u0153uvr\u00e9 par son ego personnel \u00e0 diviser les groupes qu\u2019\u00e0 les rassembler.<\/p>\n\n\n\n<p id=\"u54994-27\">Vous pouvez vous faire une id\u00e9e en allant voir son ancien site (A titre informatif &#8211; car nous ne sommes pas toujours en accord avec ses positions et id\u00e9es).<\/p>\n\n\n\n<p id=\"u54994-32\"><strong>Ancien Site de l\u2019ordre des druides :<\/strong>&nbsp;<a rel=\"noreferrer noopener\" href=\"http:\/\/oda.chez-alice.fr\/doc1.html\" target=\"_blank\">http:\/\/oda.chez-alice.fr\/doc1.html<\/a><\/p>\n\n\n\n<p id=\"u54994-34\">Nous n\u2019y avons malheureusement plus acc\u00e8s depuis la d\u00e9sincarnation de Lo Skiant, donc impossible \u00e0 supprimer ou corriger.<\/p>\n\n\n\n<p id=\"u54994-36\">&nbsp;<\/p>\n\n\n\n<p class=\"has-vivid-purple-color has-text-color\"><\/p>\n\n\n\n<p class=\"has-vivid-purple-color has-text-color\"><strong>Signification des noms initiatique :<\/strong><\/p>\n\n\n\n<p><strong>Lugaid Reo Nderc\u2019h&nbsp;<\/strong>:&nbsp; \u00ab aux Raies Rouges \u00bb.&nbsp; Dans la tradition irlandaise de la mythologie celtique, Lugaid est le roi supr\u00eame (Ard ri \u00c9renn) de l\u2019Irlande. Son nom entier est Lugaid Reo nDerg, ce qui signifie \u00ab aux Raies Rouges \u00bb, en rapport avec ses trois p\u00e8res biologiques : son visage ressemble \u00e0 celui de Nar, son buste est celui de Bres et le reste du corps ressemble \u00e0 Lothar ; les limites de ressemblances sont dessin\u00e9es par des filets rouges. Son p\u00e8re adoptif est le grand h\u00e9ros C\u00fachulainn, il est le p\u00e8re de Aidlinn.<\/p>\n\n\n\n<p><strong>Habann :&nbsp;<\/strong>(Chouette, hibou) \u201cCelui qui per\u00e7oit la lumi\u00e8re dans la nuit\u201d<\/p>\n\n\n\n<hr class=\"wp-block-separator has-alpha-channel-opacity\"\/>\n\n\n\n<p id=\"u54994-44\">Pour plus d&rsquo;informations sur les Druides de broc\u00e9liande :&nbsp;<br><a href=\"https:\/\/broceliande.brecilien.org\/Ceremonies-neo-druidiques-en-foret-de-Broceliande?fbclid=IwAR2G798PQn2ZFCWZYd99Ohee8ixhcdvr438yveYjJXLWTJbgg1_T3XsJWMk\" target=\"_blank\" rel=\"noreferrer noopener\">https:\/\/broceliande.brecilien.org\/Ceremonies-neo-druidiques-en-foret-de-Broceliande?fbclid=IwAR2G798PQn2ZFCWZYd99Ohee8ixhcdvr438yveYjJXLWTJbgg1_T3XsJWMk<\/a><\/p>\n\n\n\n<hr class=\"wp-block-separator has-alpha-channel-opacity\"\/>\n\n\n\n<figure class=\"wp-block-image size-full is-resized\"><img decoding=\"async\" loading=\"lazy\" width=\"640\" height=\"363\" src=\"https:\/\/tribann.fr\/wp-content\/uploads\/2023\/10\/paimpont_gorsedd_des_druides_1_-02575-98612.jpg\" alt=\"\" class=\"wp-image-548\" style=\"aspect-ratio:1.7630853994490359;object-fit:contain;width:580px;height:auto\" srcset=\"https:\/\/tribann.fr\/wp-content\/uploads\/2023\/10\/paimpont_gorsedd_des_druides_1_-02575-98612.jpg 640w, https:\/\/tribann.fr\/wp-content\/uploads\/2023\/10\/paimpont_gorsedd_des_druides_1_-02575-98612-300x170.jpg 300w\" sizes=\"(max-width: 640px) 100vw, 640px\" \/><figcaption class=\"wp-element-caption\"><strong>C\u00e9r\u00e9monie du \u00ab\u00a0Grand Coll\u00e8ge Celtique de la For\u00eat des Ch\u00eanes de Broc\u00e9liande\u00a0\u00bb \u00e0 l\u2019\u00e9tang de Paimpont<\/strong><br>G\u00e9nof\u00e9va, Jean Thos, Dwrdan (<em>Christian Boulay<\/em>)&#8230; \u00e0 Paimpont .. (photo de Guy Larcher) <\/figcaption><\/figure>\n\n\n\n<p id=\"u54994-45\">&nbsp;<\/p>\n\n\n\n<figure class=\"wp-block-image size-full is-resized\"><img decoding=\"async\" loading=\"lazy\" width=\"270\" height=\"250\" src=\"http:\/\/tribann.fr\/wp-content\/uploads\/2022\/12\/image-collee-1777-x-1178-crop-u54979_2x-270x250-1.jpg\" alt=\"\" class=\"wp-image-127\" style=\"object-fit:contain;width:395px;height:366px\"\/><figcaption class=\"wp-element-caption\">Henri Vincenot et G\u00e9rard Moreau de Waldan<\/figcaption><\/figure>\n\n\n\n<figure class=\"wp-block-image size-full is-resized\"><img decoding=\"async\" loading=\"lazy\" width=\"270\" height=\"250\" src=\"http:\/\/tribann.fr\/wp-content\/uploads\/2022\/12\/gerard-moreau-de-waldan-et-jean-markale-270x250-1.gif\" alt=\"\" class=\"wp-image-129\" style=\"object-fit:contain;width:393px;height:364px\"\/><figcaption class=\"wp-element-caption\">G\u00e9rard Moreau de Waldan et Jean Markale<\/figcaption><\/figure>\n\n\n\n<figure class=\"wp-block-image size-large is-resized\"><img decoding=\"async\" loading=\"lazy\" width=\"1024\" height=\"749\" src=\"http:\/\/tribann.fr\/wp-content\/uploads\/2023\/03\/gerard-Moreau-de-Waldan-et-jean-Markale-1024x749.jpg\" alt=\"\" class=\"wp-image-241\" style=\"object-fit:contain;width:520px;height:380px\" srcset=\"https:\/\/tribann.fr\/wp-content\/uploads\/2023\/03\/gerard-Moreau-de-Waldan-et-jean-Markale-1024x749.jpg 1024w, https:\/\/tribann.fr\/wp-content\/uploads\/2023\/03\/gerard-Moreau-de-Waldan-et-jean-Markale-300x220.jpg 300w, https:\/\/tribann.fr\/wp-content\/uploads\/2023\/03\/gerard-Moreau-de-Waldan-et-jean-Markale-768x562.jpg 768w, https:\/\/tribann.fr\/wp-content\/uploads\/2023\/03\/gerard-Moreau-de-Waldan-et-jean-Markale-1536x1124.jpg 1536w, https:\/\/tribann.fr\/wp-content\/uploads\/2023\/03\/gerard-Moreau-de-Waldan-et-jean-Markale-2048x1499.jpg 2048w\" sizes=\"(max-width: 1024px) 100vw, 1024px\" \/><figcaption class=\"wp-element-caption\">G\u00e9rard Moreau de Waldan et Jean Markale &#8211; Photo prise par habann en 1990 \u00e0 Lalouvesc (Ard\u00e8che)<\/figcaption><\/figure>\n\n\n\n<figure class=\"wp-block-image size-full is-resized\"><img decoding=\"async\" loading=\"lazy\" width=\"709\" height=\"1024\" src=\"http:\/\/tribann.fr\/wp-content\/uploads\/2022\/12\/habann018-1-709x1024-1.jpg\" alt=\"\" class=\"wp-image-134\" style=\"object-fit:contain;width:329px;height:475px\" srcset=\"https:\/\/tribann.fr\/wp-content\/uploads\/2022\/12\/habann018-1-709x1024-1.jpg 709w, https:\/\/tribann.fr\/wp-content\/uploads\/2022\/12\/habann018-1-709x1024-1-208x300.jpg 208w\" sizes=\"(max-width: 709px) 100vw, 709px\" \/><figcaption class=\"wp-element-caption\">Habann, 1996<\/figcaption><\/figure>\n\n\n\n<figure class=\"wp-block-image size-full is-resized\"><img decoding=\"async\" loading=\"lazy\" width=\"768\" height=\"623\" src=\"http:\/\/tribann.fr\/wp-content\/uploads\/2022\/12\/habann-goff-ar-steredennou-an-habask_2x-768x623-1.jpg\" alt=\"\" class=\"wp-image-131\" style=\"width:649px;height:auto\" srcset=\"https:\/\/tribann.fr\/wp-content\/uploads\/2022\/12\/habann-goff-ar-steredennou-an-habask_2x-768x623-1.jpg 768w, https:\/\/tribann.fr\/wp-content\/uploads\/2022\/12\/habann-goff-ar-steredennou-an-habask_2x-768x623-1-300x243.jpg 300w\" sizes=\"(max-width: 768px) 100vw, 768px\" \/><figcaption class=\"wp-element-caption\">Habann, Goff ar Steredennou, An Habask<\/figcaption><\/figure>\n\n\n\n<figure class=\"wp-block-image size-full is-resized\"><img decoding=\"async\" loading=\"lazy\" width=\"800\" height=\"702\" src=\"http:\/\/tribann.fr\/wp-content\/uploads\/2022\/12\/habann-et-An-Habask.jpg\" alt=\"\" class=\"wp-image-133\" style=\"object-fit:contain;width:479px;height:420px\" srcset=\"https:\/\/tribann.fr\/wp-content\/uploads\/2022\/12\/habann-et-An-Habask.jpg 800w, https:\/\/tribann.fr\/wp-content\/uploads\/2022\/12\/habann-et-An-Habask-300x263.jpg 300w, https:\/\/tribann.fr\/wp-content\/uploads\/2022\/12\/habann-et-An-Habask-768x674.jpg 768w\" sizes=\"(max-width: 800px) 100vw, 800px\" \/><figcaption class=\"wp-element-caption\">Habann et An Habask (&amp; Lughellann enfant)<\/figcaption><\/figure>\n\n\n\n<figure class=\"wp-block-image size-full is-resized\"><img decoding=\"async\" loading=\"lazy\" width=\"253\" height=\"350\" src=\"http:\/\/tribann.fr\/wp-content\/uploads\/2022\/12\/image-collee-2000-x-3008-253x350-1.jpg\" alt=\"\" class=\"wp-image-135\" style=\"object-fit:contain;width:317px;height:439px\" srcset=\"https:\/\/tribann.fr\/wp-content\/uploads\/2022\/12\/image-collee-2000-x-3008-253x350-1.jpg 253w, https:\/\/tribann.fr\/wp-content\/uploads\/2022\/12\/image-collee-2000-x-3008-253x350-1-217x300.jpg 217w\" sizes=\"(max-width: 253px) 100vw, 253px\" \/><figcaption class=\"wp-element-caption\">An Habask \u2013 (Michel Raoult) &#8211; 2007<\/figcaption><\/figure>\n\n\n\n<figure class=\"wp-block-image size-full is-resized\"><img decoding=\"async\" loading=\"lazy\" width=\"1171\" height=\"1664\" src=\"https:\/\/tribann.fr\/wp-content\/uploads\/2024\/02\/masque-10.jpg\" alt=\"\" class=\"wp-image-1140\" style=\"object-fit:contain;width:426px;height:493px\" srcset=\"https:\/\/tribann.fr\/wp-content\/uploads\/2024\/02\/masque-10.jpg 1171w, https:\/\/tribann.fr\/wp-content\/uploads\/2024\/02\/masque-10-211x300.jpg 211w, https:\/\/tribann.fr\/wp-content\/uploads\/2024\/02\/masque-10-721x1024.jpg 721w, https:\/\/tribann.fr\/wp-content\/uploads\/2024\/02\/masque-10-768x1091.jpg 768w, https:\/\/tribann.fr\/wp-content\/uploads\/2024\/02\/masque-10-1081x1536.jpg 1081w, https:\/\/tribann.fr\/wp-content\/uploads\/2024\/02\/masque-10-570x810.jpg 570w\" sizes=\"(max-width: 1171px) 100vw, 1171px\" \/><figcaption class=\"wp-element-caption\">Habann, Ban Dru et Philip Carr-Gomm (fondateur de l\u2019OBOD) &#8211; 2017<\/figcaption><\/figure>\n\n\n\n<figure class=\"wp-block-image size-large is-resized\"><img decoding=\"async\" loading=\"lazy\" width=\"1024\" height=\"768\" src=\"http:\/\/tribann.fr\/wp-content\/uploads\/2023\/09\/msg-1001839449581-18_DxO-1024x768.jpg\" alt=\"\" class=\"wp-image-432\" style=\"object-fit:contain;width:468px;height:351px\" srcset=\"https:\/\/tribann.fr\/wp-content\/uploads\/2023\/09\/msg-1001839449581-18_DxO-1024x768.jpg 1024w, https:\/\/tribann.fr\/wp-content\/uploads\/2023\/09\/msg-1001839449581-18_DxO-300x225.jpg 300w, https:\/\/tribann.fr\/wp-content\/uploads\/2023\/09\/msg-1001839449581-18_DxO-768x576.jpg 768w, https:\/\/tribann.fr\/wp-content\/uploads\/2023\/09\/msg-1001839449581-18_DxO-1536x1152.jpg 1536w, https:\/\/tribann.fr\/wp-content\/uploads\/2023\/09\/msg-1001839449581-18_DxO.jpg 2048w\" sizes=\"(max-width: 1024px) 100vw, 1024px\" \/><figcaption class=\"wp-element-caption\">Habann &#8211; 2023<\/figcaption><\/figure>\n\n\n\n<figure class=\"wp-block-image size-full\"><img decoding=\"async\" loading=\"lazy\" width=\"720\" height=\"303\" src=\"https:\/\/tribann.fr\/wp-content\/uploads\/2024\/11\/b885c4af-b157-4e26-b6b7-8915dc10318f.jpeg\" alt=\"\" class=\"wp-image-1171\" srcset=\"https:\/\/tribann.fr\/wp-content\/uploads\/2024\/11\/b885c4af-b157-4e26-b6b7-8915dc10318f.jpeg 720w, https:\/\/tribann.fr\/wp-content\/uploads\/2024\/11\/b885c4af-b157-4e26-b6b7-8915dc10318f-300x126.jpeg 300w, https:\/\/tribann.fr\/wp-content\/uploads\/2024\/11\/b885c4af-b157-4e26-b6b7-8915dc10318f-570x240.jpeg 570w\" sizes=\"(max-width: 720px) 100vw, 720px\" \/><figcaption class=\"wp-element-caption\">Jour de la signature de la Charte des Druides, avec entre autre plusieurs membres de la Gorsedd de Bretagne et de nombreux coll\u00e8ges Druidiques (23 novembre 2024)<\/figcaption><\/figure>\n","protected":false},"excerpt":{"rendered":"<p>Le coll\u00e8ge Druidique R\u00e9nov\u00e9 a \u00e9t\u00e9 cr\u00e9\u00e9 le 23 septembre 1983 par G\u00e9rard Moreau de Waldan (Druide Lugaid Reo Nderc\u2019h). C\u2019est une structure ind\u00e9pendante affili\u00e9 \u00e0 l\u2019Ordre des Druides (anciennement Grand Coll\u00e8ge Celtique). Le Grand Coll\u00e8ge Celtique Trois druides issus de la Gorsedd de Bretagne, Bernard Duval (druide Goff ar Steredennou), Michel Raoult (druide An [&hellip;]<\/p>\n","protected":false},"author":1,"featured_media":0,"parent":0,"menu_order":0,"comment_status":"closed","ping_status":"closed","template":"","meta":{"footnotes":""},"_hostinger_reach_plugin_has_subscription_block":false,"_hostinger_reach_plugin_is_elementor":false,"_links":{"self":[{"href":"https:\/\/tribann.fr\/index.php\/wp-json\/wp\/v2\/pages\/62"}],"collection":[{"href":"https:\/\/tribann.fr\/index.php\/wp-json\/wp\/v2\/pages"}],"about":[{"href":"https:\/\/tribann.fr\/index.php\/wp-json\/wp\/v2\/types\/page"}],"author":[{"embeddable":true,"href":"https:\/\/tribann.fr\/index.php\/wp-json\/wp\/v2\/users\/1"}],"replies":[{"embeddable":true,"href":"https:\/\/tribann.fr\/index.php\/wp-json\/wp\/v2\/comments?post=62"}],"version-history":[{"count":20,"href":"https:\/\/tribann.fr\/index.php\/wp-json\/wp\/v2\/pages\/62\/revisions"}],"predecessor-version":[{"id":1174,"href":"https:\/\/tribann.fr\/index.php\/wp-json\/wp\/v2\/pages\/62\/revisions\/1174"}],"wp:attachment":[{"href":"https:\/\/tribann.fr\/index.php\/wp-json\/wp\/v2\/media?parent=62"}],"curies":[{"name":"wp","href":"https:\/\/api.w.org\/{rel}","templated":true}]}}