{"id":50,"date":"2022-12-05T17:48:53","date_gmt":"2022-12-05T16:48:53","guid":{"rendered":"http:\/\/tribann.fr\/tribann\/?page_id=50"},"modified":"2023-12-14T12:13:04","modified_gmt":"2023-12-14T11:13:04","slug":"les-archives","status":"publish","type":"page","link":"https:\/\/tribann.fr\/index.php\/les-archives\/","title":{"rendered":"Les archives"},"content":{"rendered":"\n<h1 class=\"wp-block-heading\">Archives<\/h1>\n\n\n\n<p id=\"u57641-6\"><strong>Ancien site du Coll\u00e8ge Druidique R\u00e9nov\u00e9 :&nbsp;<\/strong><a href=\"http:\/\/habann.free.fr\/\">http:\/\/habann.free.fr\/<\/a><\/p>\n\n\n\n<p id=\"u57641-10\">Ancien tableau accr\u00e9ditif de l\u2019O.D.&nbsp;<a href=\"http:\/\/c-d-t.org\/wa_files\/Tableau_accreditif_des_Ban_Drui_et_Druides.pdf\">\/|\\\/|\\\/|\\<\/a><\/p>\n\n\n\n<p id=\"u57641-11\">&nbsp;<\/p>\n\n\n\n<p id=\"u57641-13\">G\u00e9rard voulait vraiment que notre philosophie religieuse soit reconnu,<\/p>\n\n\n\n<p id=\"u57641-15\">&nbsp;il a \u00e9crit au Pr\u00e9sident de la r\u00e9publique pour que le fait m\u00eame d\u2019une r\u00e9ponse compte comme un acte de reconnaissance<\/p>\n\n\n\n<figure class=\"wp-block-image size-large\"><img decoding=\"async\" loading=\"lazy\" width=\"703\" height=\"1024\" src=\"http:\/\/tribann.fr\/wp-content\/uploads\/2022\/12\/lettre-f-Mitterrand-scaled-1-703x1024.jpg\" alt=\"\" class=\"wp-image-25\" srcset=\"https:\/\/tribann.fr\/wp-content\/uploads\/2022\/12\/lettre-f-Mitterrand-scaled-1-703x1024.jpg 703w, https:\/\/tribann.fr\/wp-content\/uploads\/2022\/12\/lettre-f-Mitterrand-scaled-1-206x300.jpg 206w, https:\/\/tribann.fr\/wp-content\/uploads\/2022\/12\/lettre-f-Mitterrand-scaled-1-768x1119.jpg 768w, https:\/\/tribann.fr\/wp-content\/uploads\/2022\/12\/lettre-f-Mitterrand-scaled-1-1054x1536.jpg 1054w, https:\/\/tribann.fr\/wp-content\/uploads\/2022\/12\/lettre-f-Mitterrand-scaled-1-1406x2048.jpg 1406w, https:\/\/tribann.fr\/wp-content\/uploads\/2022\/12\/lettre-f-Mitterrand-scaled-1.jpg 1757w\" sizes=\"(max-width: 703px) 100vw, 703px\" \/><\/figure>\n\n\n\n<p id=\"u57641-20\">&nbsp;<\/p>\n\n\n\n<p id=\"u57641-21\">&nbsp;<\/p>\n\n\n\n<p class=\"has-vivid-purple-color has-text-color has-medium-font-size\" id=\"u57641-23\"><strong>Extrait d\u2019une \u00e9mission de canal + avec G\u00e9rard Moreau de Waldan, Jean Thos, Robert Villon, Maisous Dantec \u2026<\/strong><\/p>\n\n\n\n<p id=\"u57641-24\">&nbsp;<\/p>\n\n\n\n<p id=\"u57641-30\">(G\u00e9rard venait de reprendre une imprimerie \u00e0 Vienne, il en a profit\u00e9 pour se faire un peu de pub)<\/p>\n\n\n\n<figure class=\"wp-block-embed is-type-video is-provider-youtube wp-block-embed-youtube wp-embed-aspect-4-3 wp-has-aspect-ratio\"><div class=\"wp-block-embed__wrapper\">\n<iframe loading=\"lazy\" title=\"Les Druides - La Grande famille (Archive Canal+ 1991)\" width=\"1140\" height=\"855\" src=\"https:\/\/www.youtube.com\/embed\/xZc3r1-bXNI?feature=oembed\" frameborder=\"0\" allow=\"accelerometer; autoplay; clipboard-write; encrypted-media; gyroscope; picture-in-picture; web-share\" allowfullscreen><\/iframe>\n<\/div><figcaption class=\"wp-element-caption\">Emission \u00ab\u00a0la grande famille\u00a0\u00bb sur les druides Diffus\u00e9e sans doute en 1991 &#8211; R\u00e9cup\u00e9ration d&rsquo;un enregistrement sur cassette VHS (alain gazet)<\/figcaption><\/figure>\n\n\n\n<p><\/p>\n\n\n\n<p><\/p>\n\n\n\n<p><\/p>\n\n\n\n<p><\/p>\n\n\n\n<p><\/p>\n\n\n\n<p><\/p>\n\n\n\n<p><\/p>\n\n\n\n<p><\/p>\n\n\n\n<p><\/p>\n\n\n\n<p><\/p>\n\n\n\n<p><\/p>\n\n\n\n<p><a href=\"http:\/\/QuickConnect.to\/alaingazet\" data-type=\"URL\" data-id=\"http:\/\/QuickConnect.to\/alaingazet\">NAS<\/a><\/p>\n","protected":false},"excerpt":{"rendered":"<p>Archives Ancien site du Coll\u00e8ge Druidique R\u00e9nov\u00e9 :&nbsp;http:\/\/habann.free.fr\/ Ancien tableau accr\u00e9ditif de l\u2019O.D.&nbsp;\/|\\\/|\\\/|\\ &nbsp; G\u00e9rard voulait vraiment que notre philosophie religieuse soit reconnu, &nbsp;il a \u00e9crit au Pr\u00e9sident de la r\u00e9publique pour que le fait m\u00eame d\u2019une r\u00e9ponse compte comme un acte de reconnaissance &nbsp; &nbsp; Extrait d\u2019une \u00e9mission de canal + avec G\u00e9rard Moreau [&hellip;]<\/p>\n","protected":false},"author":1,"featured_media":0,"parent":0,"menu_order":0,"comment_status":"closed","ping_status":"closed","template":"","meta":{"footnotes":""},"_hostinger_reach_plugin_has_subscription_block":false,"_hostinger_reach_plugin_is_elementor":false,"_links":{"self":[{"href":"https:\/\/tribann.fr\/index.php\/wp-json\/wp\/v2\/pages\/50"}],"collection":[{"href":"https:\/\/tribann.fr\/index.php\/wp-json\/wp\/v2\/pages"}],"about":[{"href":"https:\/\/tribann.fr\/index.php\/wp-json\/wp\/v2\/types\/page"}],"author":[{"embeddable":true,"href":"https:\/\/tribann.fr\/index.php\/wp-json\/wp\/v2\/users\/1"}],"replies":[{"embeddable":true,"href":"https:\/\/tribann.fr\/index.php\/wp-json\/wp\/v2\/comments?post=50"}],"version-history":[{"count":12,"href":"https:\/\/tribann.fr\/index.php\/wp-json\/wp\/v2\/pages\/50\/revisions"}],"predecessor-version":[{"id":692,"href":"https:\/\/tribann.fr\/index.php\/wp-json\/wp\/v2\/pages\/50\/revisions\/692"}],"wp:attachment":[{"href":"https:\/\/tribann.fr\/index.php\/wp-json\/wp\/v2\/media?parent=50"}],"curies":[{"name":"wp","href":"https:\/\/api.w.org\/{rel}","templated":true}]}}