{"id":494,"date":"2023-10-14T17:17:23","date_gmt":"2023-10-14T15:17:23","guid":{"rendered":"https:\/\/tribann.fr\/?page_id=494"},"modified":"2023-10-17T10:43:14","modified_gmt":"2023-10-17T08:43:14","slug":"ordre-des-druides","status":"publish","type":"page","link":"https:\/\/tribann.fr\/index.php\/ordre-des-druides\/","title":{"rendered":"Ordre des Druides"},"content":{"rendered":"\n<p>Vous trouverez ci dessous les diff\u00e9rents coll\u00e8ges affili\u00e9s \u00e0 l&rsquo;Ordre des Druides <\/p>\n\n\n\n<p><a href=\"http:\/\/tribann.fr\/\">http:\/\/tribann.fr\/<\/a><\/p>\n\n\n\n<p><\/p>\n\n\n\n<p><a href=\"https:\/\/traditiondesdruides.com\/\">http:\/\/www.traditiondesdruides.com<\/a><\/p>\n\n\n\n<p><\/p>\n","protected":false},"excerpt":{"rendered":"<p>Vous trouverez ci dessous les diff\u00e9rents coll\u00e8ges affili\u00e9s \u00e0 l&rsquo;Ordre des Druides http:\/\/tribann.fr\/ http:\/\/www.traditiondesdruides.com<\/p>\n","protected":false},"author":1,"featured_media":0,"parent":0,"menu_order":0,"comment_status":"closed","ping_status":"closed","template":"custom-page.php","meta":{"footnotes":""},"_hostinger_reach_plugin_has_subscription_block":false,"_hostinger_reach_plugin_is_elementor":false,"_links":{"self":[{"href":"https:\/\/tribann.fr\/index.php\/wp-json\/wp\/v2\/pages\/494"}],"collection":[{"href":"https:\/\/tribann.fr\/index.php\/wp-json\/wp\/v2\/pages"}],"about":[{"href":"https:\/\/tribann.fr\/index.php\/wp-json\/wp\/v2\/types\/page"}],"author":[{"embeddable":true,"href":"https:\/\/tribann.fr\/index.php\/wp-json\/wp\/v2\/users\/1"}],"replies":[{"embeddable":true,"href":"https:\/\/tribann.fr\/index.php\/wp-json\/wp\/v2\/comments?post=494"}],"version-history":[{"count":1,"href":"https:\/\/tribann.fr\/index.php\/wp-json\/wp\/v2\/pages\/494\/revisions"}],"predecessor-version":[{"id":495,"href":"https:\/\/tribann.fr\/index.php\/wp-json\/wp\/v2\/pages\/494\/revisions\/495"}],"wp:attachment":[{"href":"https:\/\/tribann.fr\/index.php\/wp-json\/wp\/v2\/media?parent=494"}],"curies":[{"name":"wp","href":"https:\/\/api.w.org\/{rel}","templated":true}]}}